{"id":839,"date":"2025-03-26T09:22:37","date_gmt":"2025-03-26T13:22:37","guid":{"rendered":"https:\/\/piscineatlantic.com\/contact\/"},"modified":"2025-07-09T15:22:11","modified_gmt":"2025-07-09T19:22:11","slug":"contact","status":"publish","type":"page","link":"https:\/\/piscineatlantic.com\/en\/contact\/","title":{"rendered":"Contact"},"content":{"rendered":"\t\t<div data-elementor-type=\"wp-page\" data-elementor-id=\"839\" class=\"elementor elementor-839 elementor-145\" data-elementor-post-type=\"page\">\n\t\t\t\t<div class=\"elementor-element elementor-element-67d01bb6 e-flex e-con-boxed e-con e-parent\" data-id=\"67d01bb6\" data-element_type=\"container\">\n\t\t\t\t\t<div class=\"e-con-inner\">\n\t\t<div class=\"elementor-element elementor-element-2d583004 e-flex e-con-boxed e-con e-child\" data-id=\"2d583004\" data-element_type=\"container\">\n\t\t\t\t\t<div class=\"e-con-inner\">\n\t\t<div class=\"elementor-element elementor-element-4cc2eeeb e-flex e-con-boxed e-con e-child\" data-id=\"4cc2eeeb\" data-element_type=\"container\" data-settings=\"{&quot;background_background&quot;:&quot;classic&quot;}\">\n\t\t\t\t\t<div class=\"e-con-inner\">\n\t\t<div class=\"elementor-element elementor-element-42755645 e-flex e-con-boxed e-con e-child\" data-id=\"42755645\" data-element_type=\"container\">\n\t\t\t\t\t<div class=\"e-con-inner\">\n\t\t\t\t<div class=\"elementor-element elementor-element-10e7b68b elementor-widget elementor-widget-heading\" data-id=\"10e7b68b\" data-element_type=\"widget\" data-widget_type=\"heading.default\">\n\t\t\t\t<div class=\"elementor-widget-container\">\n\t\t\t\t\t<h1 class=\"elementor-heading-title elementor-size-default\">Contact<\/h1>\t\t\t\t<\/div>\n\t\t\t\t<\/div>\n\t\t\t\t\t<\/div>\n\t\t\t\t<\/div>\n\t\t\t\t\t<\/div>\n\t\t\t\t<\/div>\n\t\t\t\t\t<\/div>\n\t\t\t\t<\/div>\n\t\t\t\t\t<\/div>\n\t\t\t\t<\/div>\n\t\t<div class=\"elementor-element elementor-element-290c4828 e-flex e-con-boxed e-con e-parent\" data-id=\"290c4828\" data-element_type=\"container\">\n\t\t\t\t\t<div class=\"e-con-inner\">\n\t\t<div class=\"elementor-element elementor-element-6368f4b6 e-flex e-con-boxed e-con e-child\" data-id=\"6368f4b6\" data-element_type=\"container\">\n\t\t\t\t\t<div class=\"e-con-inner\">\n\t\t<div class=\"elementor-element elementor-element-260328d3 e-flex e-con-boxed e-con e-child\" data-id=\"260328d3\" data-element_type=\"container\">\n\t\t\t\t\t<div class=\"e-con-inner\">\n\t\t\t\t<div class=\"elementor-element elementor-element-57240b53 elementor-widget elementor-widget-heading\" data-id=\"57240b53\" data-element_type=\"widget\" data-widget_type=\"heading.default\">\n\t\t\t\t<div class=\"elementor-widget-container\">\n\t\t\t\t\t<h2 class=\"elementor-heading-title elementor-size-default\">Contact Us<\/h2>\t\t\t\t<\/div>\n\t\t\t\t<\/div>\n\t\t<div class=\"elementor-element elementor-element-45d78649 e-flex e-con-boxed e-con e-child\" data-id=\"45d78649\" data-element_type=\"container\">\n\t\t\t\t\t<div class=\"e-con-inner\">\n\t\t<div class=\"elementor-element elementor-element-45402193 e-con-full e-flex e-con e-child\" data-id=\"45402193\" data-element_type=\"container\">\n\t\t<div class=\"elementor-element elementor-element-1a749c3b e-flex e-con-boxed e-con e-child\" data-id=\"1a749c3b\" data-element_type=\"container\" data-settings=\"{&quot;background_background&quot;:&quot;classic&quot;}\">\n\t\t\t\t\t<div class=\"e-con-inner\">\n\t\t<div class=\"elementor-element elementor-element-5146d5f9 e-flex e-con-boxed e-con e-child\" data-id=\"5146d5f9\" data-element_type=\"container\">\n\t\t\t\t\t<div class=\"e-con-inner\">\n\t\t<div class=\"elementor-element elementor-element-2559fd75 e-con-full e-flex e-con e-child\" data-id=\"2559fd75\" data-element_type=\"container\">\n\t\t<div class=\"elementor-element elementor-element-485c39b6 e-con-full e-flex e-con e-child\" data-id=\"485c39b6\" data-element_type=\"container\">\n\t\t<div class=\"elementor-element elementor-element-2770a2ef e-con-full e-flex e-con e-child\" data-id=\"2770a2ef\" data-element_type=\"container\" data-settings=\"{&quot;background_background&quot;:&quot;classic&quot;}\">\n\t\t<a class=\"elementor-element elementor-element-78e77d53 e-flex e-con-boxed e-con e-child\" data-id=\"78e77d53\" data-element_type=\"container\" href=\"tel:4385094235\">\n\t\t\t\t\t<div class=\"e-con-inner\">\n\t\t<div class=\"elementor-element elementor-element-7db3a5d6 e-con-full e-flex e-con e-child\" data-id=\"7db3a5d6\" data-element_type=\"container\">\n\t\t\t\t<div class=\"elementor-element elementor-element-331987ee elementor-view-default elementor-widget elementor-widget-icon\" data-id=\"331987ee\" data-element_type=\"widget\" data-widget_type=\"icon.default\">\n\t\t\t\t<div class=\"elementor-widget-container\">\n\t\t\t\t\t\t\t<div class=\"elementor-icon-wrapper\">\n\t\t\t<div class=\"elementor-icon\">\n\t\t\t<i aria-hidden=\"true\" class=\"jki jki-phone1-light\"><\/i>\t\t\t<\/div>\n\t\t<\/div>\n\t\t\t\t\t\t<\/div>\n\t\t\t\t<\/div>\n\t\t\t\t<\/div>\n\t\t\t\t\t<\/div>\n\t\t\t\t<\/a>\n\t\t\t\t<\/div>\n\t\t\t\t<\/div>\n\t\t\t\t<\/div>\n\t\t<div class=\"elementor-element elementor-element-86116ae e-con-full e-flex e-con e-child\" data-id=\"86116ae\" data-element_type=\"container\">\n\t\t\t\t<div class=\"elementor-element elementor-element-f203b39 elementor-widget elementor-widget-heading\" data-id=\"f203b39\" data-element_type=\"widget\" data-widget_type=\"heading.default\">\n\t\t\t\t<div class=\"elementor-widget-container\">\n\t\t\t\t\t<h6 class=\"elementor-heading-title elementor-size-default\">Phone<\/h6>\t\t\t\t<\/div>\n\t\t\t\t<\/div>\n\t\t\t\t<div class=\"elementor-element elementor-element-782eb1f4 elementor-widget elementor-widget-text-editor\" data-id=\"782eb1f4\" data-element_type=\"widget\" data-widget_type=\"text-editor.default\">\n\t\t\t\t<div class=\"elementor-widget-container\">\n\t\t\t\t\t\t\t\t\t<p><a href=\"tel:4385094235\">438 509.4235<\/a><\/p>\t\t\t\t\t\t\t\t<\/div>\n\t\t\t\t<\/div>\n\t\t\t\t<\/div>\n\t\t\t\t\t<\/div>\n\t\t\t\t<\/div>\n\t\t\t\t\t<\/div>\n\t\t\t\t<\/div>\n\t\t\t\t<\/div>\n\t\t<div class=\"elementor-element elementor-element-5eb994e4 e-con-full e-flex e-con e-child\" data-id=\"5eb994e4\" data-element_type=\"container\">\n\t\t<div class=\"elementor-element elementor-element-1822e423 e-flex e-con-boxed e-con e-child\" data-id=\"1822e423\" data-element_type=\"container\" data-settings=\"{&quot;background_background&quot;:&quot;classic&quot;}\">\n\t\t\t\t\t<div class=\"e-con-inner\">\n\t\t<div class=\"elementor-element elementor-element-647bcd7f e-flex e-con-boxed e-con e-child\" data-id=\"647bcd7f\" data-element_type=\"container\">\n\t\t\t\t\t<div class=\"e-con-inner\">\n\t\t<div class=\"elementor-element elementor-element-72f0ccb5 e-con-full e-flex e-con e-child\" data-id=\"72f0ccb5\" data-element_type=\"container\">\n\t\t<div class=\"elementor-element elementor-element-718eb555 e-con-full e-flex e-con e-child\" data-id=\"718eb555\" data-element_type=\"container\">\n\t\t<div class=\"elementor-element elementor-element-16483208 e-con-full e-flex e-con e-child\" data-id=\"16483208\" data-element_type=\"container\" data-settings=\"{&quot;background_background&quot;:&quot;classic&quot;}\">\n\t\t<a class=\"elementor-element elementor-element-1c3fc628 e-flex e-con-boxed e-con e-child\" data-id=\"1c3fc628\" data-element_type=\"container\" href=\"mailto:Piscineatlantic@gmail.com\">\n\t\t\t\t\t<div class=\"e-con-inner\">\n\t\t<div class=\"elementor-element elementor-element-512f1c6a e-con-full e-flex e-con e-child\" data-id=\"512f1c6a\" data-element_type=\"container\">\n\t\t\t\t<div class=\"elementor-element elementor-element-7d1b56a0 elementor-view-default elementor-widget elementor-widget-icon\" data-id=\"7d1b56a0\" data-element_type=\"widget\" data-widget_type=\"icon.default\">\n\t\t\t\t<div class=\"elementor-widget-container\">\n\t\t\t\t\t\t\t<div class=\"elementor-icon-wrapper\">\n\t\t\t<div class=\"elementor-icon\">\n\t\t\t<i aria-hidden=\"true\" class=\"jki jki-envelope-open\"><\/i>\t\t\t<\/div>\n\t\t<\/div>\n\t\t\t\t\t\t<\/div>\n\t\t\t\t<\/div>\n\t\t\t\t<\/div>\n\t\t\t\t\t<\/div>\n\t\t\t\t<\/a>\n\t\t\t\t<\/div>\n\t\t\t\t<\/div>\n\t\t\t\t<\/div>\n\t\t<div class=\"elementor-element elementor-element-7e75d6c7 e-con-full e-flex e-con e-child\" data-id=\"7e75d6c7\" data-element_type=\"container\">\n\t\t\t\t<div class=\"elementor-element elementor-element-10488762 elementor-widget elementor-widget-heading\" data-id=\"10488762\" data-element_type=\"widget\" data-widget_type=\"heading.default\">\n\t\t\t\t<div class=\"elementor-widget-container\">\n\t\t\t\t\t<h6 class=\"elementor-heading-title elementor-size-default\">Email<\/h6>\t\t\t\t<\/div>\n\t\t\t\t<\/div>\n\t\t\t\t<div class=\"elementor-element elementor-element-41133c70 elementor-widget elementor-widget-text-editor\" data-id=\"41133c70\" data-element_type=\"widget\" data-widget_type=\"text-editor.default\">\n\t\t\t\t<div class=\"elementor-widget-container\">\n\t\t\t\t\t\t\t\t\t<p><a href=\"mailto:Piscineatlantic@gmail.com\">piscineatlantic@gmail.com<\/a><\/p>\t\t\t\t\t\t\t\t<\/div>\n\t\t\t\t<\/div>\n\t\t\t\t<\/div>\n\t\t\t\t\t<\/div>\n\t\t\t\t<\/div>\n\t\t\t\t\t<\/div>\n\t\t\t\t<\/div>\n\t\t\t\t<\/div>\n\t\t\t\t\t<\/div>\n\t\t\t\t<\/div>\n\t\t\t\t\t<\/div>\n\t\t\t\t<\/div>\n\t\t<div class=\"elementor-element elementor-element-47d35846 e-flex e-con-boxed e-con e-child\" data-id=\"47d35846\" data-element_type=\"container\">\n\t\t\t\t\t<div class=\"e-con-inner\">\n\t\t<div class=\"elementor-element elementor-element-e5ac1a9 e-flex e-con-boxed e-con e-child\" data-id=\"e5ac1a9\" data-element_type=\"container\" data-settings=\"{&quot;background_background&quot;:&quot;classic&quot;}\">\n\t\t\t\t\t<div class=\"e-con-inner\">\n\t\t<div class=\"elementor-element elementor-element-3e9fc8b7 e-flex e-con-boxed e-con e-child\" data-id=\"3e9fc8b7\" data-element_type=\"container\">\n\t\t\t\t\t<div class=\"e-con-inner\">\n\t\t\t\t<div class=\"elementor-element elementor-element-7419f3b elementor-button-align-stretch elementor-widget elementor-widget-form\" data-id=\"7419f3b\" data-element_type=\"widget\" data-settings=\"{&quot;button_width_tablet&quot;:&quot;100&quot;,&quot;button_width&quot;:&quot;100&quot;,&quot;step_type&quot;:&quot;number_text&quot;,&quot;step_icon_shape&quot;:&quot;circle&quot;}\" data-widget_type=\"form.default\">\n\t\t\t\t<div class=\"elementor-widget-container\">\n\t\t\t\t\t\t\t<form class=\"elementor-form\" method=\"post\" name=\"Contact\">\n\t\t\t<input type=\"hidden\" name=\"post_id\" value=\"839\"\/>\n\t\t\t<input type=\"hidden\" name=\"form_id\" value=\"7419f3b\"\/>\n\t\t\t<input type=\"hidden\" name=\"referer_title\" value=\"Contact - Piscine Atlantic\" \/>\n\n\t\t\t\t\t\t\t<input type=\"hidden\" name=\"queried_id\" value=\"839\"\/>\n\t\t\t\n\t\t\t<div class=\"elementor-form-fields-wrapper elementor-labels-above\">\n\t\t\t\t\t\t\t\t<div class=\"elementor-field-type-text elementor-field-group elementor-column elementor-field-group-prenom elementor-col-50 elementor-field-required elementor-mark-required\">\n\t\t\t\t\t\t\t\t\t\t\t\t<label for=\"form-field-prenom\" class=\"elementor-field-label\">\n\t\t\t\t\t\t\t\tFirst name\t\t\t\t\t\t\t<\/label>\n\t\t\t\t\t\t\t\t\t\t\t\t\t\t<input size=\"1\" type=\"text\" name=\"form_fields[prenom]\" id=\"form-field-prenom\" class=\"elementor-field elementor-size-sm  elementor-field-textual\" required=\"required\">\n\t\t\t\t\t\t\t\t\t\t\t<\/div>\n\t\t\t\t\t\t\t\t<div class=\"elementor-field-type-text elementor-field-group elementor-column elementor-field-group-nom elementor-col-50 elementor-field-required elementor-mark-required\">\n\t\t\t\t\t\t\t\t\t\t\t\t<label for=\"form-field-nom\" class=\"elementor-field-label\">\n\t\t\t\t\t\t\t\tLast name\t\t\t\t\t\t\t<\/label>\n\t\t\t\t\t\t\t\t\t\t\t\t\t\t<input size=\"1\" type=\"text\" name=\"form_fields[nom]\" id=\"form-field-nom\" class=\"elementor-field elementor-size-sm  elementor-field-textual\" required=\"required\">\n\t\t\t\t\t\t\t\t\t\t\t<\/div>\n\t\t\t\t\t\t\t\t<div class=\"elementor-field-type-email elementor-field-group elementor-column elementor-field-group-courriel elementor-col-100 elementor-field-required elementor-mark-required\">\n\t\t\t\t\t\t\t\t\t\t\t\t<label for=\"form-field-courriel\" class=\"elementor-field-label\">\n\t\t\t\t\t\t\t\tEmail\t\t\t\t\t\t\t<\/label>\n\t\t\t\t\t\t\t\t\t\t\t\t\t\t<input size=\"1\" type=\"email\" name=\"form_fields[courriel]\" id=\"form-field-courriel\" class=\"elementor-field elementor-size-sm  elementor-field-textual\" required=\"required\">\n\t\t\t\t\t\t\t\t\t\t\t<\/div>\n\t\t\t\t\t\t\t\t<div class=\"elementor-field-type-textarea elementor-field-group elementor-column elementor-field-group-message elementor-col-100 elementor-field-required elementor-mark-required\">\n\t\t\t\t\t\t\t\t\t\t\t\t<label for=\"form-field-message\" class=\"elementor-field-label\">\n\t\t\t\t\t\t\t\tMessage\t\t\t\t\t\t\t<\/label>\n\t\t\t\t\t\t<textarea class=\"elementor-field-textual elementor-field  elementor-size-sm\" name=\"form_fields[message]\" id=\"form-field-message\" rows=\"5\" required=\"required\"><\/textarea>\t\t\t\t<\/div>\n\t\t\t\t\t\t\t\t<div class=\"elementor-field-group elementor-column elementor-field-type-submit elementor-col-100 e-form__buttons elementor-md-100\">\n\t\t\t\t\t<button class=\"elementor-button elementor-size-sm\" type=\"submit\">\n\t\t\t\t\t\t<span class=\"elementor-button-content-wrapper\">\n\t\t\t\t\t\t\t\t\t\t\t\t\t\t\t\t\t\t\t\t\t\t<span class=\"elementor-button-text\">Send<\/span>\n\t\t\t\t\t\t\t\t\t\t\t\t\t<\/span>\n\t\t\t\t\t<\/button>\n\t\t\t\t<\/div>\n\t\t\t<\/div>\n\t\t<\/form>\n\t\t\t\t\t\t<\/div>\n\t\t\t\t<\/div>\n\t\t\t\t\t<\/div>\n\t\t\t\t<\/div>\n\t\t\t\t\t<\/div>\n\t\t\t\t<\/div>\n\t\t\t\t\t<\/div>\n\t\t\t\t<\/div>\n\t\t\t\t\t<\/div>\n\t\t\t\t<\/div>\n\t\t\t\t\t<\/div>\n\t\t\t\t<\/div>\n\t\t\t\t<\/div>\n\t\t","protected":false},"excerpt":{"rendered":"<p>Contact Contact Us Phone 438 509.4235 Email piscineatlantic@gmail.com<\/p>\n","protected":false},"author":1,"featured_media":1456,"parent":0,"menu_order":0,"comment_status":"closed","ping_status":"closed","template":"elementor_header_footer","meta":{"_monsterinsights_skip_tracking":false,"_monsterinsights_sitenote_active":false,"_monsterinsights_sitenote_note":"","_monsterinsights_sitenote_category":0,"footnotes":""},"class_list":["post-839","page","type-page","status-publish","has-post-thumbnail","hentry"],"yoast_head":"<!-- This site is optimized with the Yoast SEO plugin v27.4 - https:\/\/yoast.com\/product\/yoast-seo-wordpress\/ -->\n<title>Contact - Piscine Atlantic<\/title>\n<meta name=\"description\" content=\"Need a hand keeping your pool clear and clean? Contact us today!\" \/>\n<meta name=\"robots\" content=\"index, follow, max-snippet:-1, max-image-preview:large, max-video-preview:-1\" \/>\n<link rel=\"canonical\" href=\"https:\/\/piscineatlantic.com\/contact\/\" \/>\n<meta property=\"og:locale\" content=\"en_US\" \/>\n<meta property=\"og:type\" content=\"article\" \/>\n<meta property=\"og:title\" content=\"Contact - Piscine Atlantic\" \/>\n<meta property=\"og:description\" content=\"Need a hand keeping your pool clear and clean? Contact us today!\" \/>\n<meta property=\"og:url\" content=\"https:\/\/piscineatlantic.com\/contact\/\" \/>\n<meta property=\"og:site_name\" content=\"Piscine Atlantic\" \/>\n<meta property=\"article:modified_time\" content=\"2025-07-09T19:22:11+00:00\" \/>\n<meta property=\"og:image\" content=\"https:\/\/piscineatlantic.com\/wp-content\/uploads\/2025\/04\/piscine-atlantic_vente-installation-piscine_excellence-cours_1200x1200-1.jpg\" \/>\n\t<meta property=\"og:image:width\" content=\"1200\" \/>\n\t<meta property=\"og:image:height\" content=\"1200\" \/>\n\t<meta property=\"og:image:type\" content=\"image\/jpeg\" \/>\n<meta name=\"twitter:card\" content=\"summary_large_image\" \/>\n<meta name=\"twitter:label1\" content=\"Est. reading time\" \/>\n\t<meta name=\"twitter:data1\" content=\"1 minute\" \/>\n<script type=\"application\/ld+json\" class=\"yoast-schema-graph\">{\"@context\":\"https:\\\/\\\/schema.org\",\"@graph\":[{\"@type\":\"WebPage\",\"@id\":\"https:\\\/\\\/piscineatlantic.com\\\/contact\\\/\",\"url\":\"https:\\\/\\\/piscineatlantic.com\\\/contact\\\/\",\"name\":\"Contact - Piscine Atlantic\",\"isPartOf\":{\"@id\":\"https:\\\/\\\/piscineatlantic.com\\\/#website\"},\"primaryImageOfPage\":{\"@id\":\"https:\\\/\\\/piscineatlantic.com\\\/contact\\\/#primaryimage\"},\"image\":{\"@id\":\"https:\\\/\\\/piscineatlantic.com\\\/contact\\\/#primaryimage\"},\"thumbnailUrl\":\"https:\\\/\\\/piscineatlantic.com\\\/wp-content\\\/uploads\\\/2025\\\/04\\\/piscine-atlantic_vente-installation-piscine_excellence-cours_1200x1200-1.jpg\",\"datePublished\":\"2025-03-26T13:22:37+00:00\",\"dateModified\":\"2025-07-09T19:22:11+00:00\",\"description\":\"Need a hand keeping your pool clear and clean? Contact us today!\",\"breadcrumb\":{\"@id\":\"https:\\\/\\\/piscineatlantic.com\\\/contact\\\/#breadcrumb\"},\"inLanguage\":\"en-US\",\"potentialAction\":[{\"@type\":\"ReadAction\",\"target\":[\"https:\\\/\\\/piscineatlantic.com\\\/contact\\\/\"]}]},{\"@type\":\"ImageObject\",\"inLanguage\":\"en-US\",\"@id\":\"https:\\\/\\\/piscineatlantic.com\\\/contact\\\/#primaryimage\",\"url\":\"https:\\\/\\\/piscineatlantic.com\\\/wp-content\\\/uploads\\\/2025\\\/04\\\/piscine-atlantic_vente-installation-piscine_excellence-cours_1200x1200-1.jpg\",\"contentUrl\":\"https:\\\/\\\/piscineatlantic.com\\\/wp-content\\\/uploads\\\/2025\\\/04\\\/piscine-atlantic_vente-installation-piscine_excellence-cours_1200x1200-1.jpg\",\"width\":1200,\"height\":1200,\"caption\":\"Votre piscine de r\u00eave : Install\u00e9e en un clin d'\u0153il !\"},{\"@type\":\"BreadcrumbList\",\"@id\":\"https:\\\/\\\/piscineatlantic.com\\\/contact\\\/#breadcrumb\",\"itemListElement\":[{\"@type\":\"ListItem\",\"position\":1,\"name\":\"Accueil\",\"item\":\"https:\\\/\\\/piscineatlantic.com\\\/en\\\/\"},{\"@type\":\"ListItem\",\"position\":2,\"name\":\"Contact\"}]},{\"@type\":\"WebSite\",\"@id\":\"https:\\\/\\\/piscineatlantic.com\\\/#website\",\"url\":\"https:\\\/\\\/piscineatlantic.com\\\/\",\"name\":\"Piscine Atlantic\",\"description\":\"\",\"potentialAction\":[{\"@type\":\"SearchAction\",\"target\":{\"@type\":\"EntryPoint\",\"urlTemplate\":\"https:\\\/\\\/piscineatlantic.com\\\/?s={search_term_string}\"},\"query-input\":{\"@type\":\"PropertyValueSpecification\",\"valueRequired\":true,\"valueName\":\"search_term_string\"}}],\"inLanguage\":\"en-US\"}]}<\/script>\n<!-- \/ Yoast SEO plugin. -->","yoast_head_json":{"title":"Contact - Piscine Atlantic","description":"Need a hand keeping your pool clear and clean? Contact us today!","robots":{"index":"index","follow":"follow","max-snippet":"max-snippet:-1","max-image-preview":"max-image-preview:large","max-video-preview":"max-video-preview:-1"},"canonical":"https:\/\/piscineatlantic.com\/contact\/","og_locale":"en_US","og_type":"article","og_title":"Contact - Piscine Atlantic","og_description":"Need a hand keeping your pool clear and clean? Contact us today!","og_url":"https:\/\/piscineatlantic.com\/contact\/","og_site_name":"Piscine Atlantic","article_modified_time":"2025-07-09T19:22:11+00:00","og_image":[{"width":1200,"height":1200,"url":"https:\/\/piscineatlantic.com\/wp-content\/uploads\/2025\/04\/piscine-atlantic_vente-installation-piscine_excellence-cours_1200x1200-1.jpg","type":"image\/jpeg"}],"twitter_card":"summary_large_image","twitter_misc":{"Est. reading time":"1 minute"},"schema":{"@context":"https:\/\/schema.org","@graph":[{"@type":"WebPage","@id":"https:\/\/piscineatlantic.com\/contact\/","url":"https:\/\/piscineatlantic.com\/contact\/","name":"Contact - Piscine Atlantic","isPartOf":{"@id":"https:\/\/piscineatlantic.com\/#website"},"primaryImageOfPage":{"@id":"https:\/\/piscineatlantic.com\/contact\/#primaryimage"},"image":{"@id":"https:\/\/piscineatlantic.com\/contact\/#primaryimage"},"thumbnailUrl":"https:\/\/piscineatlantic.com\/wp-content\/uploads\/2025\/04\/piscine-atlantic_vente-installation-piscine_excellence-cours_1200x1200-1.jpg","datePublished":"2025-03-26T13:22:37+00:00","dateModified":"2025-07-09T19:22:11+00:00","description":"Need a hand keeping your pool clear and clean? Contact us today!","breadcrumb":{"@id":"https:\/\/piscineatlantic.com\/contact\/#breadcrumb"},"inLanguage":"en-US","potentialAction":[{"@type":"ReadAction","target":["https:\/\/piscineatlantic.com\/contact\/"]}]},{"@type":"ImageObject","inLanguage":"en-US","@id":"https:\/\/piscineatlantic.com\/contact\/#primaryimage","url":"https:\/\/piscineatlantic.com\/wp-content\/uploads\/2025\/04\/piscine-atlantic_vente-installation-piscine_excellence-cours_1200x1200-1.jpg","contentUrl":"https:\/\/piscineatlantic.com\/wp-content\/uploads\/2025\/04\/piscine-atlantic_vente-installation-piscine_excellence-cours_1200x1200-1.jpg","width":1200,"height":1200,"caption":"Votre piscine de r\u00eave : Install\u00e9e en un clin d'\u0153il !"},{"@type":"BreadcrumbList","@id":"https:\/\/piscineatlantic.com\/contact\/#breadcrumb","itemListElement":[{"@type":"ListItem","position":1,"name":"Accueil","item":"https:\/\/piscineatlantic.com\/en\/"},{"@type":"ListItem","position":2,"name":"Contact"}]},{"@type":"WebSite","@id":"https:\/\/piscineatlantic.com\/#website","url":"https:\/\/piscineatlantic.com\/","name":"Piscine Atlantic","description":"","potentialAction":[{"@type":"SearchAction","target":{"@type":"EntryPoint","urlTemplate":"https:\/\/piscineatlantic.com\/?s={search_term_string}"},"query-input":{"@type":"PropertyValueSpecification","valueRequired":true,"valueName":"search_term_string"}}],"inLanguage":"en-US"}]}},"_links":{"self":[{"href":"https:\/\/piscineatlantic.com\/en\/wp-json\/wp\/v2\/pages\/839","targetHints":{"allow":["GET"]}}],"collection":[{"href":"https:\/\/piscineatlantic.com\/en\/wp-json\/wp\/v2\/pages"}],"about":[{"href":"https:\/\/piscineatlantic.com\/en\/wp-json\/wp\/v2\/types\/page"}],"author":[{"embeddable":true,"href":"https:\/\/piscineatlantic.com\/en\/wp-json\/wp\/v2\/users\/1"}],"replies":[{"embeddable":true,"href":"https:\/\/piscineatlantic.com\/en\/wp-json\/wp\/v2\/comments?post=839"}],"version-history":[{"count":30,"href":"https:\/\/piscineatlantic.com\/en\/wp-json\/wp\/v2\/pages\/839\/revisions"}],"predecessor-version":[{"id":1628,"href":"https:\/\/piscineatlantic.com\/en\/wp-json\/wp\/v2\/pages\/839\/revisions\/1628"}],"wp:featuredmedia":[{"embeddable":true,"href":"https:\/\/piscineatlantic.com\/en\/wp-json\/wp\/v2\/media\/1456"}],"wp:attachment":[{"href":"https:\/\/piscineatlantic.com\/en\/wp-json\/wp\/v2\/media?parent=839"}],"curies":[{"name":"wp","href":"https:\/\/api.w.org\/{rel}","templated":true}]}}